{"id":72,"date":"2022-05-26T18:24:04","date_gmt":"2022-05-26T23:24:04","guid":{"rendered":"https:\/\/www.easypos.com.co\/?page_id=72"},"modified":"2022-06-11T21:43:00","modified_gmt":"2022-06-12T02:43:00","slug":"easypos","status":"publish","type":"page","link":"https:\/\/easypos.com.co\/index.php\/easypos\/","title":{"rendered":"Easypos"},"content":{"rendered":"\n<div class=\"wp-block-group\"><div class=\"wp-block-group__inner-container is-layout-flow wp-block-group-is-layout-flow\">\n<div class=\"wp-block-columns is-layout-flex wp-container-core-columns-is-layout-9d6595d7 wp-block-columns-is-layout-flex\">\n<div class=\"wp-block-column is-layout-flow wp-block-column-is-layout-flow\">\n<\/div>\n\n\n\n<div class=\"wp-block-column is-layout-flow wp-block-column-is-layout-flow\">\n<p class=\"has-text-align-left\" style=\"text-align:justify\" ;=\"\">Permite controlar tus inventarios y ventas de forma administrable y amigable.<\/p>\n<strong>M\u00f3dulos<\/strong>:&nbsp;\n<p class=\"has-text-align-left\" style=\"text-align:justify\" ;=\"\">\u2022 Manejo de inventarios<br>\u2022 Facturaci\u00f3n POS<br>\u2022 Manejo de separados<br>\u2022 Generaci\u00f3n de bonos<\/p>\n\n\n\n<p><strong>Para:<\/strong> Peque\u00f1as y medianas empresas o negocios.<\/p>\n\n\n\n<p><strong>Tiempo de vigencia:&nbsp;<\/strong>Plan a tu medida.<\/p>\n<\/div>\n<\/div>\n<\/div><\/div>\n\n\n\n<p><p class=\"has-text-align-left\" style=\"text-align:justify\" ;=\"\">Programa para Facturaci\u00f3n e Inventarios, enfocado a las peque\u00f1as y medianas empresas, EasyPos est\u00e1 pensado para que las empresas puedan cumplir con los requerimientos de ley en lo que se refiere a la facturaci\u00f3n POS, pero que al mismo tiempo les ayude a tener un control de sus inventarios, cuenta con una interfaz sencilla y amigable de tal forma que pueda ser usado por todas aquellas personas que no cuenten con grandes conocimientos en sistemas, sus procesos son claros y directos enfoc\u00e1ndose exactamente en lo se necesita, como lo es, el control de sus inventarios ya sea de forma manual o por c\u00f3digo de barras , tener los reportes detallados de sus ventas generales por periodo, categor\u00edas o productos determinados, la facturaci\u00f3n POS, el control de sus ventas a cr\u00e9dito entre otros. <\/p><\/p>\n","protected":false},"excerpt":{"rendered":"<p>Permite controlar tus inventarios y ventas de forma administrable y amigable. M\u00f3dulos:&nbsp; \u2022 Manejo de inventarios\u2022 Facturaci\u00f3n POS\u2022 Manejo de separados\u2022 Generaci\u00f3n de bonos Para: Peque\u00f1as y medianas empresas o negocios. Tiempo de vigencia:&nbsp;Plan a tu medida. Programa para Facturaci\u00f3n e Inventarios, enfocado a las peque\u00f1as y medianas empresas, EasyPos est\u00e1 pensado para que las [&hellip;]<\/p>\n","protected":false},"author":1,"featured_media":0,"parent":0,"menu_order":0,"comment_status":"closed","ping_status":"closed","template":"templates\/template-full-width.php","meta":{"footnotes":""},"class_list":["post-72","page","type-page","status-publish","hentry"],"_links":{"self":[{"href":"https:\/\/easypos.com.co\/index.php\/wp-json\/wp\/v2\/pages\/72","targetHints":{"allow":["GET"]}}],"collection":[{"href":"https:\/\/easypos.com.co\/index.php\/wp-json\/wp\/v2\/pages"}],"about":[{"href":"https:\/\/easypos.com.co\/index.php\/wp-json\/wp\/v2\/types\/page"}],"author":[{"embeddable":true,"href":"https:\/\/easypos.com.co\/index.php\/wp-json\/wp\/v2\/users\/1"}],"replies":[{"embeddable":true,"href":"https:\/\/easypos.com.co\/index.php\/wp-json\/wp\/v2\/comments?post=72"}],"version-history":[{"count":6,"href":"https:\/\/easypos.com.co\/index.php\/wp-json\/wp\/v2\/pages\/72\/revisions"}],"predecessor-version":[{"id":97,"href":"https:\/\/easypos.com.co\/index.php\/wp-json\/wp\/v2\/pages\/72\/revisions\/97"}],"wp:attachment":[{"href":"https:\/\/easypos.com.co\/index.php\/wp-json\/wp\/v2\/media?parent=72"}],"curies":[{"name":"wp","href":"https:\/\/api.w.org\/{rel}","templated":true}]}}